{"id":240,"date":"2020-03-25T17:53:03","date_gmt":"2020-03-25T16:53:03","guid":{"rendered":"https:\/\/www.feel-harmony.at\/shop\/?post_type=product&#038;p=240"},"modified":"2021-09-23T20:43:19","modified_gmt":"2021-09-23T18:43:19","slug":"raeucherstaebchen","status":"publish","type":"product","link":"https:\/\/feel-harmony.at\/shop\/produkt\/raeucherstaebchen\/","title":{"rendered":"R\u00e4ucherst\u00e4bchen"},"content":{"rendered":"<p>Diese R\u00e4ucherst\u00e4bchen sind der ideale Begleiter zum relaxen, Meditation, zum Entspannen und R\u00e4ume von negativer Energie zu befreien.<\/p>\n<p>Alle R\u00e4ucherst\u00e4bchen werden ausserdem mit Sanjeevini energetisiert um die Schwingung zu erh\u00f6hen.<\/p>\n<p>Aus erlesenen, nat\u00fcrlichen Zutaten.<\/p>\n<p>Ein angenehmer Duft, der zum Tr\u00e4umen einl\u00e4dt.<\/p>\n<p>15 g je Schachtel, entspricht ca. 10-12 R\u00e4ucherst\u00e4bchen<\/p>\n","protected":false},"excerpt":{"rendered":"<p>Diese R\u00e4ucherst\u00e4bchen sind der ideale Begleiter zum relaxen, Meditation, zum Entspannen und R\u00e4ume von negativer Energie zu befreien. Alle R\u00e4ucherst\u00e4bchen werden ausserdem mit Sanjeevini energetisiert um die Schwingung zu erh\u00f6hen. Aus erlesenen, nat\u00fcrlichen Zutaten. Ein angenehmer Duft, der zum Tr\u00e4umen einl\u00e4dt. 15 g je Schachtel, entspricht ca. 10-12 R\u00e4ucherst\u00e4bchen<\/p>\n","protected":false},"featured_media":177,"comment_status":"open","ping_status":"closed","template":"","meta":[],"product_brand":[],"product_cat":[39],"product_tag":[],"class_list":{"0":"post-240","1":"product","2":"type-product","3":"status-publish","4":"has-post-thumbnail","6":"product_cat-esoterisches-zubehoer","8":"first","9":"instock","10":"shipping-taxable","11":"purchasable","12":"product-type-simple"},"_links":{"self":[{"href":"https:\/\/feel-harmony.at\/shop\/wp-json\/wp\/v2\/product\/240","targetHints":{"allow":["GET"]}}],"collection":[{"href":"https:\/\/feel-harmony.at\/shop\/wp-json\/wp\/v2\/product"}],"about":[{"href":"https:\/\/feel-harmony.at\/shop\/wp-json\/wp\/v2\/types\/product"}],"replies":[{"embeddable":true,"href":"https:\/\/feel-harmony.at\/shop\/wp-json\/wp\/v2\/comments?post=240"}],"wp:featuredmedia":[{"embeddable":true,"href":"https:\/\/feel-harmony.at\/shop\/wp-json\/wp\/v2\/media\/177"}],"wp:attachment":[{"href":"https:\/\/feel-harmony.at\/shop\/wp-json\/wp\/v2\/media?parent=240"}],"wp:term":[{"taxonomy":"product_brand","embeddable":true,"href":"https:\/\/feel-harmony.at\/shop\/wp-json\/wp\/v2\/product_brand?post=240"},{"taxonomy":"product_cat","embeddable":true,"href":"https:\/\/feel-harmony.at\/shop\/wp-json\/wp\/v2\/product_cat?post=240"},{"taxonomy":"product_tag","embeddable":true,"href":"https:\/\/feel-harmony.at\/shop\/wp-json\/wp\/v2\/product_tag?post=240"}],"curies":[{"name":"wp","href":"https:\/\/api.w.org\/{rel}","templated":true}]}}