{"id":66,"date":"2020-03-24T17:45:03","date_gmt":"2020-03-24T16:45:03","guid":{"rendered":""},"modified":"2026-03-08T12:00:41","modified_gmt":"2026-03-08T11:00:41","slug":"versandarten","status":"publish","type":"page","link":"https:\/\/feel-harmony.at\/shop\/versandarten\/","title":{"rendered":"Versandarten"},"content":{"rendered":"\n<p><strong>Lieferung innerhalb \u00d6sterreichs:<\/strong><br>Versandkostenpauschale Euro 7,-<br>Versandkostenpauschale gro\u00dfe Artikel Euro 15,-<br>Ab Euro 150,- liefern wir Porto frei, f\u00fcr dich fallen keine Spesen an.<br>Lieferung durch: \u00d6sterreichische Post AG<br><br><strong>Lieferung Deutschland:<\/strong><br>Versandkostenpauschale Euro 20,-<br>Ab Euro 250,- liefern wir Porto frei, f\u00fcr dich fallen keine Spesen an.<br>Lieferung durch: \u00d6sterreichische Post AG<\/p>\n\n\n\n<p><strong>Lieferung in den restlichen EU-Raum:  <\/strong><br>auf Anfrage<\/p>\n","protected":false},"excerpt":{"rendered":"<p>Lieferung innerhalb \u00d6sterreichs:Versandkostenpauschale Euro 7,-Versandkostenpauschale gro\u00dfe Artikel Euro 15,-Ab Euro 150,- liefern wir Porto frei, f\u00fcr dich fallen keine Spesen an.Lieferung durch: \u00d6sterreichische Post AG Lieferung Deutschland:Versandkostenpauschale Euro 20,-Ab Euro 250,- liefern wir Porto frei, f\u00fcr dich fallen keine Spesen an.Lieferung durch: \u00d6sterreichische Post AG Lieferung in den restlichen EU-Raum: auf Anfrage<\/p>\n","protected":false},"author":1,"featured_media":0,"parent":0,"menu_order":0,"comment_status":"closed","ping_status":"closed","template":"","meta":{"footnotes":""},"class_list":["post-66","page","type-page","status-publish","hentry"],"_links":{"self":[{"href":"https:\/\/feel-harmony.at\/shop\/wp-json\/wp\/v2\/pages\/66","targetHints":{"allow":["GET"]}}],"collection":[{"href":"https:\/\/feel-harmony.at\/shop\/wp-json\/wp\/v2\/pages"}],"about":[{"href":"https:\/\/feel-harmony.at\/shop\/wp-json\/wp\/v2\/types\/page"}],"author":[{"embeddable":true,"href":"https:\/\/feel-harmony.at\/shop\/wp-json\/wp\/v2\/users\/1"}],"replies":[{"embeddable":true,"href":"https:\/\/feel-harmony.at\/shop\/wp-json\/wp\/v2\/comments?post=66"}],"version-history":[{"count":7,"href":"https:\/\/feel-harmony.at\/shop\/wp-json\/wp\/v2\/pages\/66\/revisions"}],"predecessor-version":[{"id":736,"href":"https:\/\/feel-harmony.at\/shop\/wp-json\/wp\/v2\/pages\/66\/revisions\/736"}],"wp:attachment":[{"href":"https:\/\/feel-harmony.at\/shop\/wp-json\/wp\/v2\/media?parent=66"}],"curies":[{"name":"wp","href":"https:\/\/api.w.org\/{rel}","templated":true}]}}