{"id":63,"date":"2020-03-24T17:45:03","date_gmt":"2020-03-24T16:45:03","guid":{"rendered":""},"modified":"2020-03-28T09:50:59","modified_gmt":"2020-03-28T08:50:59","slug":"impressum","status":"publish","type":"page","link":"https:\/\/feel-harmony.at\/shop\/impressum\/","title":{"rendered":"Impressum"},"content":{"rendered":"<p>Feel Harmony e.U.<\/p>\n<p>Martin Gselmann-Siegl<br \/>\nDiplom Energetiker<\/p>\n<p>Mail: office@feel-harmony.at<br \/>\nMobil: <a href=\"tel:+436765700902\">+43 676 57 00 902 <\/a><br \/>\nInternet: <a href=\"http:\/\/www.feel-harmony.at\/\">http:\/\/www.feel-harmony.at<\/a><\/p>\n<p>Kleinunternehmer<br \/>\nFN 396679b<\/p>\n<p>Haftungshinweis: Trotz sorgf\u00e4ltiger inhaltlicher Kontrolle \u00fcbernehme ich keine Haftung f\u00fcr die Inhalte externer Links. F\u00fcr den Inhalt der verlinkten Seiten sind ausschlie\u00dflich deren Betreiber verantwortlich.<\/p>\n<p>Logo: Ines Gselmann \u00a9 by Feel Harmony<\/p>\n<p>Bilder\/Fotos meiner Webseite d\u00fcrfen ohne ausdr\u00fccklicher Genehmigung von Feel Harmony nicht verwendet werden.<\/p>\n<p>Web design, Grafik und Fotos: Farbraum WIen \u00a9 by Feel Harmony<\/p>\n","protected":false},"excerpt":{"rendered":"<p>Feel Harmony e.U. Martin Gselmann-Siegl Diplom Energetiker Mail: office@feel-harmony.at Mobil: +43 676 57 00 902 Internet: http:\/\/www.feel-harmony.at Kleinunternehmer FN 396679b Haftungshinweis: Trotz sorgf\u00e4ltiger inhaltlicher Kontrolle \u00fcbernehme ich keine Haftung f\u00fcr die Inhalte externer Links. F\u00fcr den Inhalt der verlinkten Seiten sind ausschlie\u00dflich deren Betreiber verantwortlich. Logo: Ines Gselmann \u00a9 by Feel Harmony Bilder\/Fotos meiner Webseite [&hellip;]<\/p>\n","protected":false},"author":1,"featured_media":0,"parent":0,"menu_order":0,"comment_status":"closed","ping_status":"closed","template":"","meta":{"footnotes":""},"class_list":["post-63","page","type-page","status-publish","hentry"],"_links":{"self":[{"href":"https:\/\/feel-harmony.at\/shop\/wp-json\/wp\/v2\/pages\/63","targetHints":{"allow":["GET"]}}],"collection":[{"href":"https:\/\/feel-harmony.at\/shop\/wp-json\/wp\/v2\/pages"}],"about":[{"href":"https:\/\/feel-harmony.at\/shop\/wp-json\/wp\/v2\/types\/page"}],"author":[{"embeddable":true,"href":"https:\/\/feel-harmony.at\/shop\/wp-json\/wp\/v2\/users\/1"}],"replies":[{"embeddable":true,"href":"https:\/\/feel-harmony.at\/shop\/wp-json\/wp\/v2\/comments?post=63"}],"version-history":[{"count":2,"href":"https:\/\/feel-harmony.at\/shop\/wp-json\/wp\/v2\/pages\/63\/revisions"}],"predecessor-version":[{"id":316,"href":"https:\/\/feel-harmony.at\/shop\/wp-json\/wp\/v2\/pages\/63\/revisions\/316"}],"wp:attachment":[{"href":"https:\/\/feel-harmony.at\/shop\/wp-json\/wp\/v2\/media?parent=63"}],"curies":[{"name":"wp","href":"https:\/\/api.w.org\/{rel}","templated":true}]}}